{"id":290,"date":"2016-05-24T16:06:45","date_gmt":"2016-05-24T16:06:45","guid":{"rendered":"https:\/\/cheerup.theme-sphere.com\/fashion\/?page_id=290"},"modified":"2016-05-24T16:06:45","modified_gmt":"2016-05-24T16:06:45","slug":"contact-me","status":"publish","type":"page","link":"https:\/\/charlene-energeticienne.fr\/?page_id=290","title":{"rendered":"Contact Me"},"content":{"rendered":"<p>Lorem Ipsum Press is licensed by Bionetwork Ltd. Our office is located within the company\u2019s building.<\/p>\n<p><strong>Address:<\/strong> Lorem 15 Str., 4844, Ipsum, State, UK<br \/>\n<strong>Phone:<\/strong> +30-2106019311<\/p>\n<hr \/>\n\n<div class=\"wpcf7 no-js\" id=\"wpcf7-f292-o1\" lang=\"en-US\" dir=\"ltr\">\n<div class=\"screen-reader-response\"><p role=\"status\" aria-live=\"polite\" aria-atomic=\"true\"><\/p> <ul><\/ul><\/div>\n<form action=\"\/index.php?rest_route=%2Fwp%2Fv2%2Fpages%2F290#wpcf7-f292-o1\" method=\"post\" class=\"wpcf7-form init\" aria-label=\"Contact form\" novalidate=\"novalidate\" data-status=\"init\">\n<div style=\"display: none;\">\n<input type=\"hidden\" name=\"_wpcf7\" value=\"292\" \/>\n<input type=\"hidden\" name=\"_wpcf7_version\" value=\"5.9.8\" \/>\n<input type=\"hidden\" name=\"_wpcf7_locale\" value=\"en_US\" \/>\n<input type=\"hidden\" name=\"_wpcf7_unit_tag\" value=\"wpcf7-f292-o1\" \/>\n<input type=\"hidden\" name=\"_wpcf7_container_post\" value=\"0\" \/>\n<input type=\"hidden\" name=\"_wpcf7_posted_data_hash\" value=\"\" \/>\n<\/div>\n<p>Your Name (required)\n<\/p>\n<p><span class=\"wpcf7-form-control-wrap\" data-name=\"your-name\"><input size=\"40\" maxlength=\"400\" class=\"wpcf7-form-control wpcf7-text wpcf7-validates-as-required\" aria-required=\"true\" aria-invalid=\"false\" value=\"\" type=\"text\" name=\"your-name\" \/><\/span>\n<\/p>\n<p>Your Email (required)\n<\/p>\n<p><span class=\"wpcf7-form-control-wrap\" data-name=\"your-email\"><input size=\"40\" maxlength=\"400\" class=\"wpcf7-form-control wpcf7-email wpcf7-validates-as-required wpcf7-text wpcf7-validates-as-email\" aria-required=\"true\" aria-invalid=\"false\" value=\"\" type=\"email\" name=\"your-email\" \/><\/span>\n<\/p>\n<p>Subject\n<\/p>\n<p><span class=\"wpcf7-form-control-wrap\" data-name=\"your-subject\"><input size=\"40\" maxlength=\"400\" class=\"wpcf7-form-control wpcf7-text\" aria-invalid=\"false\" value=\"\" type=\"text\" name=\"your-subject\" \/><\/span>\n<\/p>\n<p>Your Message\n<\/p>\n<p><span class=\"wpcf7-form-control-wrap\" data-name=\"your-message\"><textarea cols=\"40\" rows=\"10\" maxlength=\"2000\" class=\"wpcf7-form-control wpcf7-textarea\" aria-invalid=\"false\" name=\"your-message\"><\/textarea><\/span>\n<\/p>\n<p><input class=\"wpcf7-form-control wpcf7-submit has-spinner\" type=\"submit\" value=\"Send Message\" \/>\n<\/p><div class=\"wpcf7-response-output\" aria-hidden=\"true\"><\/div>\n<\/form>\n<\/div>\n\n","protected":false},"excerpt":{"rendered":"<p>Lorem Ipsum Press is licensed by Bionetwork Ltd. Our office is located within the company\u2019s building. Address: Lorem 15 Str., 4844, Ipsum, State, UK Phone: +30-2106019311<\/p>\n","protected":false},"author":1,"featured_media":0,"parent":0,"menu_order":0,"comment_status":"closed","ping_status":"closed","template":"","meta":{"footnotes":""},"class_list":["post-290","page","type-page","status-publish"],"yoast_head":"<!-- This site is optimized with the Yoast SEO plugin v23.5 - https:\/\/yoast.com\/wordpress\/plugins\/seo\/ -->\n<title>Contact Me - Charl\u00e8ne - Kin\u00e9siologue et Magn\u00e9tiseur<\/title>\n<meta name=\"robots\" content=\"noindex, follow, max-snippet:-1, max-image-preview:large, max-video-preview:-1\" \/>\n<meta property=\"og:locale\" content=\"fr_FR\" \/>\n<meta property=\"og:type\" content=\"article\" \/>\n<meta property=\"og:title\" content=\"Contact Me - Charl\u00e8ne - Kin\u00e9siologue et Magn\u00e9tiseur\" \/>\n<meta property=\"og:description\" content=\"Lorem Ipsum Press is licensed by Bionetwork Ltd. Our office is located within the company\u2019s building. Address: Lorem 15 Str., 4844, Ipsum, State, UK Phone: +30-2106019311\" \/>\n<meta property=\"og:url\" content=\"https:\/\/charlene-energeticienne.fr\/?page_id=290\" \/>\n<meta property=\"og:site_name\" content=\"Charl\u00e8ne - Kin\u00e9siologue et Magn\u00e9tiseur\" \/>\n<meta name=\"twitter:card\" content=\"summary_large_image\" \/>\n<script type=\"application\/ld+json\" class=\"yoast-schema-graph\">{\"@context\":\"https:\/\/schema.org\",\"@graph\":[{\"@type\":\"WebPage\",\"@id\":\"https:\/\/charlene-energeticienne.fr\/?page_id=290\",\"url\":\"https:\/\/charlene-energeticienne.fr\/?page_id=290\",\"name\":\"Contact Me - Charl\u00e8ne - Kin\u00e9siologue et Magn\u00e9tiseur\",\"isPartOf\":{\"@id\":\"https:\/\/charlene-energeticienne.fr\/#website\"},\"datePublished\":\"2016-05-24T16:06:45+00:00\",\"dateModified\":\"2016-05-24T16:06:45+00:00\",\"breadcrumb\":{\"@id\":\"https:\/\/charlene-energeticienne.fr\/?page_id=290#breadcrumb\"},\"inLanguage\":\"fr-FR\",\"potentialAction\":[{\"@type\":\"ReadAction\",\"target\":[\"https:\/\/charlene-energeticienne.fr\/?page_id=290\"]}]},{\"@type\":\"BreadcrumbList\",\"@id\":\"https:\/\/charlene-energeticienne.fr\/?page_id=290#breadcrumb\",\"itemListElement\":[{\"@type\":\"ListItem\",\"position\":1,\"name\":\"Accueil\",\"item\":\"https:\/\/charlene-energeticienne.fr\/\"},{\"@type\":\"ListItem\",\"position\":2,\"name\":\"Contact Me\"}]},{\"@type\":\"WebSite\",\"@id\":\"https:\/\/charlene-energeticienne.fr\/#website\",\"url\":\"https:\/\/charlene-energeticienne.fr\/\",\"name\":\"Charl\u00e8ne - Kin\u00e9siologue et Magn\u00e9tiseur\",\"description\":\"Un site utilisant WordPress\",\"potentialAction\":[{\"@type\":\"SearchAction\",\"target\":{\"@type\":\"EntryPoint\",\"urlTemplate\":\"https:\/\/charlene-energeticienne.fr\/?s={search_term_string}\"},\"query-input\":{\"@type\":\"PropertyValueSpecification\",\"valueRequired\":true,\"valueName\":\"search_term_string\"}}],\"inLanguage\":\"fr-FR\"}]}<\/script>\n<!-- \/ Yoast SEO plugin. -->","yoast_head_json":{"title":"Contact Me - Charl\u00e8ne - Kin\u00e9siologue et Magn\u00e9tiseur","robots":{"index":"noindex","follow":"follow","max-snippet":"max-snippet:-1","max-image-preview":"max-image-preview:large","max-video-preview":"max-video-preview:-1"},"og_locale":"fr_FR","og_type":"article","og_title":"Contact Me - Charl\u00e8ne - Kin\u00e9siologue et Magn\u00e9tiseur","og_description":"Lorem Ipsum Press is licensed by Bionetwork Ltd. Our office is located within the company\u2019s building. Address: Lorem 15 Str., 4844, Ipsum, State, UK Phone: +30-2106019311","og_url":"https:\/\/charlene-energeticienne.fr\/?page_id=290","og_site_name":"Charl\u00e8ne - Kin\u00e9siologue et Magn\u00e9tiseur","twitter_card":"summary_large_image","schema":{"@context":"https:\/\/schema.org","@graph":[{"@type":"WebPage","@id":"https:\/\/charlene-energeticienne.fr\/?page_id=290","url":"https:\/\/charlene-energeticienne.fr\/?page_id=290","name":"Contact Me - Charl\u00e8ne - Kin\u00e9siologue et Magn\u00e9tiseur","isPartOf":{"@id":"https:\/\/charlene-energeticienne.fr\/#website"},"datePublished":"2016-05-24T16:06:45+00:00","dateModified":"2016-05-24T16:06:45+00:00","breadcrumb":{"@id":"https:\/\/charlene-energeticienne.fr\/?page_id=290#breadcrumb"},"inLanguage":"fr-FR","potentialAction":[{"@type":"ReadAction","target":["https:\/\/charlene-energeticienne.fr\/?page_id=290"]}]},{"@type":"BreadcrumbList","@id":"https:\/\/charlene-energeticienne.fr\/?page_id=290#breadcrumb","itemListElement":[{"@type":"ListItem","position":1,"name":"Accueil","item":"https:\/\/charlene-energeticienne.fr\/"},{"@type":"ListItem","position":2,"name":"Contact Me"}]},{"@type":"WebSite","@id":"https:\/\/charlene-energeticienne.fr\/#website","url":"https:\/\/charlene-energeticienne.fr\/","name":"Charl\u00e8ne - Kin\u00e9siologue et Magn\u00e9tiseur","description":"Un site utilisant WordPress","potentialAction":[{"@type":"SearchAction","target":{"@type":"EntryPoint","urlTemplate":"https:\/\/charlene-energeticienne.fr\/?s={search_term_string}"},"query-input":{"@type":"PropertyValueSpecification","valueRequired":true,"valueName":"search_term_string"}}],"inLanguage":"fr-FR"}]}},"amp_enabled":true,"_links":{"self":[{"href":"https:\/\/charlene-energeticienne.fr\/index.php?rest_route=\/wp\/v2\/pages\/290","targetHints":{"allow":["GET"]}}],"collection":[{"href":"https:\/\/charlene-energeticienne.fr\/index.php?rest_route=\/wp\/v2\/pages"}],"about":[{"href":"https:\/\/charlene-energeticienne.fr\/index.php?rest_route=\/wp\/v2\/types\/page"}],"author":[{"embeddable":true,"href":"https:\/\/charlene-energeticienne.fr\/index.php?rest_route=\/wp\/v2\/users\/1"}],"replies":[{"embeddable":true,"href":"https:\/\/charlene-energeticienne.fr\/index.php?rest_route=%2Fwp%2Fv2%2Fcomments&post=290"}],"version-history":[{"count":0,"href":"https:\/\/charlene-energeticienne.fr\/index.php?rest_route=\/wp\/v2\/pages\/290\/revisions"}],"wp:attachment":[{"href":"https:\/\/charlene-energeticienne.fr\/index.php?rest_route=%2Fwp%2Fv2%2Fmedia&parent=290"}],"curies":[{"name":"wp","href":"https:\/\/api.w.org\/{rel}","templated":true}]}}